{"id":239,"date":"2016-01-26T19:16:10","date_gmt":"2016-01-26T18:16:10","guid":{"rendered":"https:\/\/www.sesarenes.com\/de\/contacto\/"},"modified":"2026-03-31T11:41:51","modified_gmt":"2026-03-31T09:41:51","slug":"contacto","status":"publish","type":"page","link":"https:\/\/www.sesarenes.com\/de\/contacto\/","title":{"rendered":"Kontakt"},"content":{"rendered":"<p><div class=\"fusion-fullwidth fullwidth-box fusion-builder-row-1 fusion-flex-container hundred-percent-fullwidth non-hundred-percent-height-scrolling\" style=\"--awb-background-position:left top;--awb-background-repeat:repeat;--awb-border-sizes-top:0px;--awb-border-sizes-bottom:0px;--awb-border-sizes-left:0px;--awb-border-sizes-right:0px;--awb-border-radius-top-left:0px;--awb-border-radius-top-right:0px;--awb-border-radius-bottom-right:0px;--awb-border-radius-bottom-left:0px;--awb-background-image:linear-gradient(180deg, #ffffff 0%,#ffffff 100%);--awb-flex-wrap:wrap;\" ><div class=\"fusion-builder-row fusion-row fusion-flex-align-items-flex-start fusion-flex-content-wrap\" style=\"width:calc( 100% + 0px ) !important;max-width:calc( 100% + 0px ) !important;margin-left: calc(-0px \/ 2 );margin-right: calc(-0px \/ 2 );\"><div class=\"fusion-layout-column fusion_builder_column fusion-builder-column-0 fusion_builder_column_1_1 1_1 fusion-flex-column fusion-flex-align-self-flex-start fusion-column-no-min-height\" style=\"--awb-bg-size:cover;--awb-width-large:100%;--awb-margin-top-large:0px;--awb-spacing-right-large:0px;--awb-margin-bottom-large:0px;--awb-spacing-left-large:0px;--awb-width-medium:100%;--awb-spacing-right-medium:0px;--awb-spacing-left-medium:0px;--awb-width-small:100%;--awb-spacing-right-small:0px;--awb-spacing-left-small:0px;\"><div class=\"fusion-column-wrapper fusion-flex-justify-content-flex-start fusion-content-layout-column\">\t\t\t\t\t<script type=\"text\/javascript\">\n\t\t\t\t\t\tvar map_fusion_map_69f250584defd;\n\t\t\t\t\t\tvar markers = [];\n\t\t\t\t\t\tvar counter = 0;\n\t\t\t\t\t\t\t\t\t\t\t\t\t\t\t\t\t\t\t\tvar fusionMapNonce = '5a33b55342';\n\t\t\t\t\t\t\t\t\t\t\t\tfunction fusion_run_map_fusion_map_69f250584defd() {\n\t\t\t\t\t\t\tjQuery ('#fusion_map_69f250584defd' ).fusion_maps( {\n\t\t\t\t\t\t\t\taddresses: [{\"address\":\"39.328918, 3.003326\",\"infobox_content\":\"<b>Ses Arenes. Finca Agroturisme<\\\/b><br>Ctra. Campos-Col\\u00f2nia Sant Jordi, km 11.<br>07630 Campos. Mallorca. Spanien.   \",\"marker\":\"https:\\\/\\\/www.sesarenes.com\\\/wp-content\\\/uploads\\\/2019\\\/01\\\/ses_Arenes_Logo_50.png\",\"coordinates\":true,\"latitude\":\"39.328918\",\"longitude\":\" 3.003326\",\"cache\":true,\"geocoded_address\":\"39.328918, 3.003326\"}],\n\t\t\t\t\t\t\t\tanimations: true,\n\t\t\t\t\t\t\t\tinfobox_background_color: '#d0c468',\n\t\t\t\t\t\t\t\tinfobox_styling: 'default',\n\t\t\t\t\t\t\t\tinfobox_text_color: '',\n\t\t\t\t\t\t\t\tmap_style: 'custom',\n\t\t\t\t\t\t\t\tmap_type: 'terrain',\n\t\t\t\t\t\t\t\tmarker_icon: 'https:\/\/www.sesarenes.com\/wp-content\/uploads\/2019\/01\/ses_Arenes_Logo_50.png',\n\t\t\t\t\t\t\t\toverlay_color: '',\n\t\t\t\t\t\t\t\toverlay_color_hsl: {\"hue\":0,\"sat\":0,\"lum\":100},\n\t\t\t\t\t\t\t\tshow_address: false,\n\t\t\t\t\t\t\t\tscale_control: false,\n\t\t\t\t\t\t\t\tscrollwheel: false,\n\t\t\t\t\t\t\t\tzoom: 12,\n\t\t\t\t\t\t\t\tzoom_control: false,\n\t\t\t\t\t\t\t} );\n\t\t\t\t\t\t}\n\n\t\t\t\t\t\tgoogle.maps.event.addDomListener(window, 'load', fusion_run_map_fusion_map_69f250584defd);\n\t\t\t\t\t<\/script>\n\t\t\t\t\t<div class=\"shortcode-map fusion-google-map fusion-maps-js-type\" style=\"--awb-height:500px;\" id=\"fusion_map_69f250584defd\"><\/div><\/div><\/div><\/div><\/div><div class=\"fusion-fullwidth fullwidth-box fusion-builder-row-2 fusion-flex-container nonhundred-percent-fullwidth non-hundred-percent-height-scrolling\" style=\"--awb-background-position:left top;--awb-background-repeat:repeat;--awb-border-sizes-top:0px;--awb-border-sizes-bottom:0px;--awb-border-sizes-left:0px;--awb-border-sizes-right:0px;--awb-border-radius-top-left:0px;--awb-border-radius-top-right:0px;--awb-border-radius-bottom-right:0px;--awb-border-radius-bottom-left:0px;--awb-background-image:linear-gradient(180deg, #ffffff 0%,#ffffff 100%);--awb-flex-wrap:wrap;\" ><div class=\"fusion-builder-row fusion-row fusion-flex-align-items-flex-start fusion-flex-content-wrap\" style=\"max-width:calc( 1100px + 0px );margin-left: calc(-0px \/ 2 );margin-right: calc(-0px \/ 2 );\"><div class=\"fusion-layout-column fusion_builder_column fusion-builder-column-1 fusion_builder_column_1_2 1_2 fusion-flex-column\" style=\"--awb-padding-top:15px;--awb-padding-right:15px;--awb-padding-bottom:15px;--awb-padding-left:15px;--awb-bg-size:cover;--awb-width-large:50%;--awb-margin-top-large:0px;--awb-spacing-right-large:0px;--awb-margin-bottom-large:20px;--awb-spacing-left-large:0px;--awb-width-medium:100%;--awb-spacing-right-medium:0px;--awb-spacing-left-medium:0px;--awb-width-small:100%;--awb-spacing-right-small:0px;--awb-spacing-left-small:0px;\"><div class=\"fusion-column-wrapper fusion-flex-justify-content-flex-start fusion-content-layout-column\"><div class=\"fusion-title title fusion-title-1 fusion-sep-none fusion-title-text fusion-title-size-one\" style=\"--awb-margin-top-small:0px;--awb-margin-right-small:0px;--awb-margin-bottom-small:20px;--awb-margin-left-small:0px;\"><h1 class=\"fusion-title-heading title-heading-left\" style=\"margin:0;\">So erreichen Sie uns:<\/h1><\/div><div class=\"fusion-text fusion-text-1\"><p><div class=\"fusion-fa-align-left\"><i class=\"fb-icon-element-1 fb-icon-element fontawesome-icon fa fa-map-marker circle-no\" style=\"--awb-iconcolor:#333333;--awb-iconcolor-hover:#333333;--awb-font-size:20px;--awb-margin-right:10px;\"><\/i><\/div>GPS: <a href=\"https:\/\/www.google.com\/maps\/place\/39%C2%B019'43.9%22N+2%C2%B059'59.7%22E\/@39.3286066,2.9994082,468m\/data=!3m1!1e3!4m14!1m7!3m6!1s0x0:0x0!2zMznCsDE5JzM5LjYiTiAzwrAwMCcwMy4xIkU!3b1!8m2!3d39.327656!4d3.000871!3m5!1s0x0:0x0!7e2!8m2!3d39.3288603!4d2.9999264\" target=\"_blank\" rel=\"noopener\">39.328860, 2.999926<\/a><\/p>\n<\/div><\/div><\/div><div class=\"fusion-layout-column fusion_builder_column fusion-builder-column-2 fusion_builder_column_1_2 1_2 fusion-flex-column\" style=\"--awb-padding-top:15px;--awb-padding-right:15px;--awb-padding-bottom:15px;--awb-padding-left:15px;--awb-bg-size:cover;--awb-width-large:50%;--awb-margin-top-large:0px;--awb-spacing-right-large:0px;--awb-margin-bottom-large:20px;--awb-spacing-left-large:0px;--awb-width-medium:100%;--awb-spacing-right-medium:0px;--awb-spacing-left-medium:0px;--awb-width-small:100%;--awb-spacing-right-small:0px;--awb-spacing-left-small:0px;\"><div class=\"fusion-column-wrapper fusion-flex-justify-content-flex-start fusion-content-layout-column\"><div class=\"fusion-title title fusion-title-2 fusion-sep-none fusion-title-text fusion-title-size-two\" style=\"--awb-margin-top-small:0px;--awb-margin-right-small:0px;--awb-margin-bottom-small:20px;--awb-margin-left-small:0px;\"><h2 class=\"fusion-title-heading title-heading-left\" style=\"margin:0;\">Kontakt<\/h2><\/div><div class=\"fusion-text fusion-text-2\"><p>Ses Arenes. Finca Agroturisme<br \/>Ctra. Campos-Col\u00f2nia S. Jordi, km 11<br \/>07630 Campos . Mallorca . Spanien<br \/>Tel.    +34 971 655 400<\/p>\n<p><a class=\"nonblock\" title=\"agroturismo@sesarenes.com\" href=\"mailto:agroturismo@sesarenes.com\">agroturismo@sesarenes.com<\/a><\/p>\n<\/div><\/div><\/div><div class=\"fusion-layout-column fusion_builder_column fusion-builder-column-3 fusion_builder_column_1_3 1_3 fusion-flex-column\" style=\"--awb-padding-top:15px;--awb-padding-right:15px;--awb-padding-bottom:15px;--awb-padding-left:15px;--awb-bg-size:cover;--awb-width-large:33.333333333333%;--awb-margin-top-large:0px;--awb-spacing-right-large:0px;--awb-margin-bottom-large:20px;--awb-spacing-left-large:0px;--awb-width-medium:100%;--awb-spacing-right-medium:0px;--awb-spacing-left-medium:0px;--awb-width-small:100%;--awb-spacing-right-small:0px;--awb-spacing-left-small:0px;\"><div class=\"fusion-column-wrapper fusion-flex-justify-content-flex-start fusion-content-layout-column\"><div class=\"fusion-title title fusion-title-3 fusion-sep-none fusion-title-text fusion-title-size-two\" style=\"--awb-margin-top-small:0px;--awb-margin-right-small:0px;--awb-margin-bottom-small:20px;--awb-margin-left-small:0px;\"><h2 class=\"fusion-title-heading title-heading-left\" style=\"margin:0;\">Entlang der K\u00fcste<\/h2><\/div><iframe src=\"https:\/\/www.google.com\/maps\/d\/embed?mid=1yCwKJ7_1enjRjjhJ2__m5IbnreHt2pri\" width=\"100%\" height=\"250\"><\/iframe><div class=\"fusion-separator fusion-full-width-sep\" style=\"align-self: center;margin-left: auto;margin-right: auto;margin-top:24px;width:100%;\"><\/div><div class=\"fusion-text fusion-text-3\"><p>Genie\u00dfen Sie eine K\u00fcstenroute, indem Sie vom Flughafen die Autobahn Ma-19 in Richtung Santany\u00ed nehmen. Verlassen Sie die Autobahn an Ausfahrt 13 in Richtung Cala Blava und folgen Sie der Beschilderung Cala Blava nach Cap Blanc. Sie fahren entlang der K\u00fcste \u00fcber Klippen mit Blick auf das Meer und die Insel Cabrera, bis Sie den Leuchtturm von Cap Blanc erreichen. Fahren Sie weiter, bis Sie die Ma-6015 \u00fcberqueren, und folgen Sie der Ma-6014 in Richtung Ses Salines. Bei Kilometer 42 erreichen Sie einen Kreisverkehr, wo Sie rechts auf die Ma-6040 in Richtung Col\u00f2nia de Sant Jordi- Es Trenc abbiegen. Folgen Sie der Beschilderung nach Colonia de Sant Jordi und biegen Sie bei Kilometer 11 rechts auf den Weg zur \u201eFinca Ses Arenes\u201c ab. Nach 600 Metern biegen Sie erneut rechts ab und haben Ses Arenes erreicht.<\/p>\n<\/div><\/div><\/div><div class=\"fusion-layout-column fusion_builder_column fusion-builder-column-4 fusion_builder_column_1_3 1_3 fusion-flex-column\" style=\"--awb-padding-top:15px;--awb-padding-right:15px;--awb-padding-bottom:15px;--awb-padding-left:15px;--awb-bg-size:cover;--awb-width-large:33.333333333333%;--awb-margin-top-large:0px;--awb-spacing-right-large:0px;--awb-margin-bottom-large:20px;--awb-spacing-left-large:0px;--awb-width-medium:100%;--awb-spacing-right-medium:0px;--awb-spacing-left-medium:0px;--awb-width-small:100%;--awb-spacing-right-small:0px;--awb-spacing-left-small:0px;\"><div class=\"fusion-column-wrapper fusion-flex-justify-content-flex-start fusion-content-layout-column\"><div class=\"fusion-title title fusion-title-4 fusion-sep-none fusion-title-text fusion-title-size-two\" style=\"--awb-margin-top-small:0px;--awb-margin-right-small:0px;--awb-margin-bottom-small:20px;--awb-margin-left-small:0px;\"><h2 class=\"fusion-title-heading title-heading-left\" style=\"margin:0;\">\u00dcber Landstra\u00dfen<\/h2><\/div>\n<iframe src=\"https:\/\/www.google.com\/maps\/d\/embed?mid=1hJjV64RAIQyP-Q33y0oubRl0C49DNd8k\" width=\"100%\" height=\"250\"><\/iframe><div class=\"fusion-separator fusion-full-width-sep\" style=\"align-self: center;margin-left: auto;margin-right: auto;margin-top:24px;width:100%;\"><\/div><div class=\"fusion-text fusion-text-4\"><p>Wenn Sie eine l\u00e4ndliche Route bevorzugen und die Landschaft genie\u00dfen m\u00f6chten, nehmen Sie nach Verlassen des Flughafens die Autobahn Ma-19 in Richtung Santany\u00ed. Nach 18 km nehmen Sie die Ausfahrt 26 in Richtung Llucmajor\/Porreres\/s\u2019Estanyol und fahren im Kreisverkehr auf die MA-6015 in Richtung s\u2019Estanyol. Nach 8 km biegen Sie links ab und nehmen die Ma-6014 in Richtung Ses Salines. Bei Kilometer 42 erreichen Sie einen weiteren Kreisverkehr, wo Sie rechts auf die Ma-6040 in Richtung Col\u00f2nia de Sant Jordi- Es Trenc abbiegen. Folgen Sie der Beschilderung nach Colonia de Sant Jordi und biegen Sie bei Kilometer 11 rechts auf den Weg zur \u201eFinca Ses Arenes\u201c ab. Nach 600 Metern biegen Sie erneut rechts ab und haben Ses Arenes erreicht.<\/p>\n<\/div><\/div><\/div><div class=\"fusion-layout-column fusion_builder_column fusion-builder-column-5 fusion_builder_column_1_3 1_3 fusion-flex-column\" style=\"--awb-padding-top:15px;--awb-padding-right:15px;--awb-padding-bottom:15px;--awb-padding-left:15px;--awb-bg-size:cover;--awb-width-large:33.333333333333%;--awb-margin-top-large:0px;--awb-spacing-right-large:0px;--awb-margin-bottom-large:20px;--awb-spacing-left-large:0px;--awb-width-medium:100%;--awb-spacing-right-medium:0px;--awb-spacing-left-medium:0px;--awb-width-small:100%;--awb-spacing-right-small:0px;--awb-spacing-left-small:0px;\"><div class=\"fusion-column-wrapper fusion-flex-justify-content-flex-start fusion-content-layout-column\"><div class=\"fusion-title title fusion-title-5 fusion-sep-none fusion-title-text fusion-title-size-two\" style=\"--awb-margin-top-small:0px;--awb-margin-right-small:0px;--awb-margin-bottom-small:20px;--awb-margin-left-small:0px;\"><h2 class=\"fusion-title-heading title-heading-left\" style=\"margin:0;\">\u00dcber Campos<\/h2><\/div>\n<iframe src=\"https:\/\/www.google.com\/maps\/d\/embed?mid=1cFLvHQcSs0mvF_zenA18psu9LEIk8fbJ\" width=\"100%\" height=\"250\"><\/iframe><div class=\"fusion-separator fusion-full-width-sep\" style=\"align-self: center;margin-left: auto;margin-right: auto;margin-top:24px;width:100%;\"><\/div><div class=\"fusion-text fusion-text-5\"><p>W\u00e4hlen Sie eine direktere Route, indem Sie vom Flughafen die Autobahn Ma-19 in Richtung Santany\u00ed nehmen. Bleiben Sie auf dieser, bis Sie Campos erreichen, umfahren Sie den Ort und biegen Sie dann in Richtung Col\u00f2nia de Sant Jordi ab, \u00fcber die MA-6031 und die MA-6040. Fahren Sie weiter bis Kilometer 11 und biegen Sie rechts auf den Weg zur \u201eFinca Ses Arenes\u201c ab. Nach 600 Metern biegen Sie erneut rechts ab und haben Ses Arenes erreicht.<\/p>\n<\/div><div class=\"fusion-modal modal fade modal-1 idiomas\" tabindex=\"-1\" role=\"dialog\" aria-labelledby=\"modal-heading-1\" aria-hidden=\"true\" style=\"--awb-border-color:#ebebeb;--awb-background:#f6f6f6;\"><div class=\"modal-dialog modal-sm\" role=\"document\"><div class=\"modal-content fusion-modal-content\"><div class=\"modal-header\"><button class=\"close\" type=\"button\" data-dismiss=\"modal\" aria-hidden=\"true\" aria-label=\"Close\">&times;<\/button><h3 class=\"modal-title\" id=\"modal-heading-1\" data-dismiss=\"modal\" aria-hidden=\"true\">W\u00e4hle eine Sprache<\/h3><\/div><div class=\"modal-body fusion-clearfix\"><nav class=\"awb-menu awb-menu_column awb-menu_em-hover mobile-mode-always-expanded awb-menu_icons-left awb-menu_dc-yes mobile-trigger-fullwidth-off awb-menu_mobile-toggle awb-menu_indent-center loading mega-menu-loading awb-menu_desktop awb-menu_dropdown awb-menu_expand-right awb-menu_transition-fade\" style=\"--awb-font-size:22px;--awb-margin-top:10px;--awb-margin-bottom:10px;--awb-text-transform:none;--awb-items-padding-top:5px;--awb-items-padding-bottom:5px;--awb-color:#777777;--awb-active-color:#d0c467;--awb-submenu-text-transform:none;--awb-icons-color:#777777;--awb-icons-hover-color:#d0c467;--awb-main-justify-content:center;--awb-mobile-color:#777777;--awb-mobile-active-color:#d0c467;--awb-mobile-justify:center;--awb-mobile-caret-left:auto;--awb-mobile-caret-right:0;--awb-fusion-font-family-typography:inherit;--awb-fusion-font-style-typography:normal;--awb-fusion-font-weight-typography:400;--awb-fusion-font-family-submenu-typography:inherit;--awb-fusion-font-style-submenu-typography:normal;--awb-fusion-font-weight-submenu-typography:400;--awb-fusion-font-family-mobile-typography:inherit;--awb-fusion-font-style-mobile-typography:normal;--awb-fusion-font-weight-mobile-typography:400;\" aria-label=\"Idiomas\" data-breakpoint=\"10000\" data-count=\"0\" data-transition-type=\"fade\" data-transition-time=\"300\" data-expand=\"right\"><button type=\"button\" class=\"awb-menu__m-toggle awb-menu__m-toggle_no-text\" aria-expanded=\"false\" aria-controls=\"menu-Idiomas\"><span class=\"awb-menu__m-toggle-inner\"><span class=\"collapsed-nav-text\"><span class=\"screen-reader-text\">Navigation umschalten<\/span><\/span><span class=\"awb-menu__m-collapse-icon awb-menu__m-collapse-icon_no-text\"><span class=\"awb-menu__m-collapse-icon-open awb-menu__m-collapse-icon-open_no-text fa-bars fas\"><\/span><span class=\"awb-menu__m-collapse-icon-close awb-menu__m-collapse-icon-close_no-text fa-times fas\"><\/span><\/span><\/span><\/button><ul id=\"menu-idiomas\" class=\"fusion-menu awb-menu__main-ul awb-menu__main-ul_column\"><li  id=\"menu-item-wpml-ls-57-es\"  class=\"menu-item-language menu-item wpml-ls-slot-57 wpml-ls-item wpml-ls-item-es wpml-ls-menu-item wpml-ls-first-item menu-item-type-wpml_ls_menu_item menu-item-object-wpml_ls_menu_item menu-item-wpml-ls-57-es awb-menu__li awb-menu__main-li awb-menu__main-li_regular\"  data-classes=\"menu-item-language\" data-item-id=\"wpml-ls-57-es\"><span class=\"awb-menu__main-background-default awb-menu__main-background-default_fade\"><\/span><span class=\"awb-menu__main-background-active awb-menu__main-background-active_fade\"><\/span><a  title=\"Wechseln zu Espa\u00f1ol\" href=\"https:\/\/www.sesarenes.com\/\" class=\"awb-menu__main-a awb-menu__main-a_regular wpml-ls-link\" aria-label=\"Wechseln zu Espa\u00f1ol\"><span class=\"menu-text\"><span class=\"wpml-ls-native\" lang=\"es\">Espa\u00f1ol<\/span><\/span><\/a><\/li><li  id=\"menu-item-wpml-ls-57-ca\"  class=\"menu-item-language menu-item wpml-ls-slot-57 wpml-ls-item wpml-ls-item-ca wpml-ls-menu-item menu-item-type-wpml_ls_menu_item menu-item-object-wpml_ls_menu_item menu-item-wpml-ls-57-ca awb-menu__li awb-menu__main-li awb-menu__main-li_regular\"  data-classes=\"menu-item-language\" data-item-id=\"wpml-ls-57-ca\"><span class=\"awb-menu__main-background-default awb-menu__main-background-default_fade\"><\/span><span class=\"awb-menu__main-background-active awb-menu__main-background-active_fade\"><\/span><a  title=\"Wechseln zu Catal\u00e0\" href=\"https:\/\/www.sesarenes.com\/ca\/\" class=\"awb-menu__main-a awb-menu__main-a_regular wpml-ls-link\" aria-label=\"Wechseln zu Catal\u00e0\"><span class=\"menu-text\"><span class=\"wpml-ls-native\" lang=\"ca\">Catal\u00e0<\/span><\/span><\/a><\/li><li  id=\"menu-item-wpml-ls-57-en\"  class=\"menu-item-language menu-item wpml-ls-slot-57 wpml-ls-item wpml-ls-item-en wpml-ls-menu-item menu-item-type-wpml_ls_menu_item menu-item-object-wpml_ls_menu_item menu-item-wpml-ls-57-en awb-menu__li awb-menu__main-li awb-menu__main-li_regular\"  data-classes=\"menu-item-language\" data-item-id=\"wpml-ls-57-en\"><span class=\"awb-menu__main-background-default awb-menu__main-background-default_fade\"><\/span><span class=\"awb-menu__main-background-active awb-menu__main-background-active_fade\"><\/span><a  title=\"Wechseln zu English\" href=\"https:\/\/www.sesarenes.com\/en\/\" class=\"awb-menu__main-a awb-menu__main-a_regular wpml-ls-link\" aria-label=\"Wechseln zu English\"><span class=\"menu-text\"><span class=\"wpml-ls-native\" lang=\"en\">English<\/span><\/span><\/a><\/li><li  id=\"menu-item-wpml-ls-57-fr\"  class=\"menu-item-language menu-item wpml-ls-slot-57 wpml-ls-item wpml-ls-item-fr wpml-ls-menu-item menu-item-type-wpml_ls_menu_item menu-item-object-wpml_ls_menu_item menu-item-wpml-ls-57-fr awb-menu__li awb-menu__main-li awb-menu__main-li_regular\"  data-classes=\"menu-item-language\" data-item-id=\"wpml-ls-57-fr\"><span class=\"awb-menu__main-background-default awb-menu__main-background-default_fade\"><\/span><span class=\"awb-menu__main-background-active awb-menu__main-background-active_fade\"><\/span><a  title=\"Wechseln zu Fran\u00e7ais\" href=\"https:\/\/www.sesarenes.com\/fr\/\" class=\"awb-menu__main-a awb-menu__main-a_regular wpml-ls-link\" aria-label=\"Wechseln zu Fran\u00e7ais\"><span class=\"menu-text\"><span class=\"wpml-ls-native\" lang=\"fr\">Fran\u00e7ais<\/span><\/span><\/a><\/li><li  id=\"menu-item-wpml-ls-57-it\"  class=\"menu-item-language menu-item wpml-ls-slot-57 wpml-ls-item wpml-ls-item-it wpml-ls-menu-item wpml-ls-last-item menu-item-type-wpml_ls_menu_item menu-item-object-wpml_ls_menu_item menu-item-wpml-ls-57-it awb-menu__li awb-menu__main-li awb-menu__main-li_regular\"  data-classes=\"menu-item-language\" data-item-id=\"wpml-ls-57-it\"><span class=\"awb-menu__main-background-default awb-menu__main-background-default_fade\"><\/span><span class=\"awb-menu__main-background-active awb-menu__main-background-active_fade\"><\/span><a  title=\"Wechseln zu Italiano\" href=\"https:\/\/www.sesarenes.com\/it\/\" class=\"awb-menu__main-a awb-menu__main-a_regular wpml-ls-link\" aria-label=\"Wechseln zu Italiano\"><span class=\"menu-text\"><span class=\"wpml-ls-native\" lang=\"it\">Italiano<\/span><\/span><\/a><\/li><\/ul><\/nav><\/div><\/div><\/div><\/div>\n<\/div><\/div><\/div><\/div><\/p>\n","protected":false},"excerpt":{"rendered":"","protected":false},"author":6,"featured_media":0,"parent":0,"menu_order":0,"comment_status":"closed","ping_status":"closed","template":"100-width.php","meta":{"footnotes":""},"class_list":["post-239","page","type-page","status-publish","hentry"],"aioseo_notices":[],"_links":{"self":[{"href":"https:\/\/www.sesarenes.com\/de\/wp-json\/wp\/v2\/pages\/239","targetHints":{"allow":["GET"]}}],"collection":[{"href":"https:\/\/www.sesarenes.com\/de\/wp-json\/wp\/v2\/pages"}],"about":[{"href":"https:\/\/www.sesarenes.com\/de\/wp-json\/wp\/v2\/types\/page"}],"author":[{"embeddable":true,"href":"https:\/\/www.sesarenes.com\/de\/wp-json\/wp\/v2\/users\/6"}],"replies":[{"embeddable":true,"href":"https:\/\/www.sesarenes.com\/de\/wp-json\/wp\/v2\/comments?post=239"}],"version-history":[{"count":29,"href":"https:\/\/www.sesarenes.com\/de\/wp-json\/wp\/v2\/pages\/239\/revisions"}],"predecessor-version":[{"id":8316,"href":"https:\/\/www.sesarenes.com\/de\/wp-json\/wp\/v2\/pages\/239\/revisions\/8316"}],"wp:attachment":[{"href":"https:\/\/www.sesarenes.com\/de\/wp-json\/wp\/v2\/media?parent=239"}],"curies":[{"name":"wp","href":"https:\/\/api.w.org\/{rel}","templated":true}]}}